{"id":372,"date":"2025-04-10T11:07:21","date_gmt":"2025-04-10T09:07:21","guid":{"rendered":"https:\/\/peinture-moderne.fr\/?page_id=372"},"modified":"2025-04-15T11:34:53","modified_gmt":"2025-04-15T09:34:53","slug":"isolation-thermique","status":"publish","type":"page","link":"https:\/\/peinture-moderne.fr\/index.php\/isolation-thermique\/","title":{"rendered":"Isolation Thermique"},"content":{"rendered":"\t\t<div data-elementor-type=\"wp-page\" data-elementor-id=\"372\" class=\"elementor elementor-372\">\n\t\t\t\t<div class=\"elementor-element elementor-element-4099233 e-flex e-con-boxed wpr-particle-no wpr-jarallax-no wpr-parallax-no wpr-sticky-section-no e-con e-parent\" data-id=\"4099233\" data-element_type=\"container\">\n\t\t\t\t\t<div class=\"e-con-inner\">\n\t\t\t\t<div class=\"elementor-element elementor-element-9c20d6d elementor-widget elementor-widget-heading\" data-id=\"9c20d6d\" data-element_type=\"widget\" data-widget_type=\"heading.default\">\n\t\t\t\t<div class=\"elementor-widget-container\">\n\t\t\t\t\t<h2 class=\"elementor-heading-title elementor-size-default\">Isolation Thermique<\/h2>\t\t\t\t<\/div>\n\t\t\t\t<\/div>\n\t\t\t\t<div class=\"elementor-element elementor-element-0691c5b elementor-widget elementor-widget-heading\" data-id=\"0691c5b\" data-element_type=\"widget\" data-widget_type=\"heading.default\">\n\t\t\t\t<div class=\"elementor-widget-container\">\n\t\t\t\t\t<h2 class=\"elementor-heading-title elementor-size-default\">Confort et \u00c9conomies d'\u00c9nergie<\/h2>\t\t\t\t<\/div>\n\t\t\t\t<\/div>\n\t\t\t\t\t<\/div>\n\t\t\t\t<\/div>\n\t\t<div class=\"elementor-element elementor-element-352a886 e-flex e-con-boxed wpr-particle-no wpr-jarallax-no wpr-parallax-no wpr-sticky-section-no e-con e-parent\" data-id=\"352a886\" data-element_type=\"container\">\n\t\t\t\t\t<div class=\"e-con-inner\">\n\t\t<div class=\"elementor-element elementor-element-55ae0dc e-con-full e-flex wpr-particle-no wpr-jarallax-no wpr-parallax-no wpr-sticky-section-no e-con e-child\" data-id=\"55ae0dc\" data-element_type=\"container\">\n\t\t\t\t<div class=\"elementor-element elementor-element-33929b8 elementor-widget elementor-widget-text-editor\" data-id=\"33929b8\" data-element_type=\"widget\" data-widget_type=\"text-editor.default\">\n\t\t\t\t<div class=\"elementor-widget-container\">\n\t\t\t\t\t\t\t\t\t<p>L\u2019isolation thermique est un investissement essentiel pour am\u00e9liorer le confort de votre logement, r\u00e9duire vos factures d\u2019\u00e9nergie et contribuer \u00e0 la protection de l\u2019environnement. Que vous soyez en r\u00e9novation ou en construction, une bonne isolation offre des b\u00e9n\u00e9fices durables. D\u00e9couvrez pourquoi l\u2019isolation thermique est un choix judicieux pour votre maison.<\/p>\t\t\t\t\t\t\t\t<\/div>\n\t\t\t\t<\/div>\n\t\t\t\t<div class=\"elementor-element elementor-element-b7525da elementor-widget elementor-widget-image\" data-id=\"b7525da\" data-element_type=\"widget\" data-widget_type=\"image.default\">\n\t\t\t\t<div class=\"elementor-widget-container\">\n\t\t\t\t\t\t\t\t\t\t\t\t\t\t\t<img fetchpriority=\"high\" decoding=\"async\" width=\"1024\" height=\"683\" src=\"https:\/\/peinture-moderne.fr\/wp-content\/uploads\/2025\/04\/AdobeStock_477421441-1024x683.jpeg\" class=\"attachment-large size-large wp-image-238\" alt=\"\" srcset=\"https:\/\/peinture-moderne.fr\/wp-content\/uploads\/2025\/04\/AdobeStock_477421441-1024x683.jpeg 1024w, https:\/\/peinture-moderne.fr\/wp-content\/uploads\/2025\/04\/AdobeStock_477421441-300x200.jpeg 300w, https:\/\/peinture-moderne.fr\/wp-content\/uploads\/2025\/04\/AdobeStock_477421441-768x512.jpeg 768w, https:\/\/peinture-moderne.fr\/wp-content\/uploads\/2025\/04\/AdobeStock_477421441-1536x1024.jpeg 1536w, https:\/\/peinture-moderne.fr\/wp-content\/uploads\/2025\/04\/AdobeStock_477421441-2048x1365.jpeg 2048w\" sizes=\"(max-width: 1024px) 100vw, 1024px\" \/>\t\t\t\t\t\t\t\t\t\t\t\t\t\t\t<\/div>\n\t\t\t\t<\/div>\n\t\t\t\t<\/div>\n\t\t<div class=\"elementor-element elementor-element-c520dbe e-con-full e-flex wpr-particle-no wpr-jarallax-no wpr-parallax-no wpr-sticky-section-no e-con e-child\" data-id=\"c520dbe\" data-element_type=\"container\">\n\t\t\t\t<div class=\"elementor-element elementor-element-32d3c13 elementor-widget elementor-widget-heading\" data-id=\"32d3c13\" data-element_type=\"widget\" data-widget_type=\"heading.default\">\n\t\t\t\t<div class=\"elementor-widget-container\">\n\t\t\t\t\t<h2 class=\"elementor-heading-title elementor-size-default\">1. R\u00e9duction des D\u00e9penses \u00c9nerg\u00e9tiques<\/h2>\t\t\t\t<\/div>\n\t\t\t\t<\/div>\n\t\t\t\t<div class=\"elementor-element elementor-element-88938ec elementor-widget elementor-widget-text-editor\" data-id=\"88938ec\" data-element_type=\"widget\" data-widget_type=\"text-editor.default\">\n\t\t\t\t<div class=\"elementor-widget-container\">\n\t\t\t\t\t\t\t\t\t<p>Une isolation performante limite les d\u00e9perditions de chaleur en hiver et garde votre int\u00e9rieur frais en \u00e9t\u00e9. Cela permet de diminuer jusqu\u2019\u00e0 30% votre consommation d\u2019\u00e9nergie, r\u00e9duisant significativement vos factures de chauffage et de climatisation.<\/p>\t\t\t\t\t\t\t\t<\/div>\n\t\t\t\t<\/div>\n\t\t\t\t<div class=\"elementor-element elementor-element-5b9a080 elementor-widget elementor-widget-heading\" data-id=\"5b9a080\" data-element_type=\"widget\" data-widget_type=\"heading.default\">\n\t\t\t\t<div class=\"elementor-widget-container\">\n\t\t\t\t\t<h2 class=\"elementor-heading-title elementor-size-default\">2. Un Confort Optimal Toute l\u2019Ann\u00e9e<\/h2>\t\t\t\t<\/div>\n\t\t\t\t<\/div>\n\t\t\t\t<div class=\"elementor-element elementor-element-f73dbfb elementor-widget elementor-widget-text-editor\" data-id=\"f73dbfb\" data-element_type=\"widget\" data-widget_type=\"text-editor.default\">\n\t\t\t\t<div class=\"elementor-widget-container\">\n\t\t\t\t\t\t\t\t\t<p>Finis les courants d\u2019air et les parois froides ! Une maison bien isol\u00e9e maintient une temp\u00e9rature homog\u00e8ne dans toutes les pi\u00e8ces, am\u00e9liorant votre qualit\u00e9 de vie au quotidien.<\/p>\t\t\t\t\t\t\t\t<\/div>\n\t\t\t\t<\/div>\n\t\t\t\t<div class=\"elementor-element elementor-element-4809f6e elementor-widget elementor-widget-heading\" data-id=\"4809f6e\" data-element_type=\"widget\" data-widget_type=\"heading.default\">\n\t\t\t\t<div class=\"elementor-widget-container\">\n\t\t\t\t\t<h2 class=\"elementor-heading-title elementor-size-default\">3. Une Solution \u00c9cologique<\/h2>\t\t\t\t<\/div>\n\t\t\t\t<\/div>\n\t\t\t\t<div class=\"elementor-element elementor-element-68bd129 elementor-widget elementor-widget-text-editor\" data-id=\"68bd129\" data-element_type=\"widget\" data-widget_type=\"text-editor.default\">\n\t\t\t\t<div class=\"elementor-widget-container\">\n\t\t\t\t\t\t\t\t\t<p>En r\u00e9duisant vos besoins en \u00e9nergie, vous diminuez votre empreinte carbone. L\u2019isolation thermique est un geste responsable pour lutter contre le r\u00e9chauffement climatique tout en r\u00e9alisant des \u00e9conomies.<\/p>\t\t\t\t\t\t\t\t<\/div>\n\t\t\t\t<\/div>\n\t\t\t\t<div class=\"elementor-element elementor-element-df8b3cd elementor-widget elementor-widget-heading\" data-id=\"df8b3cd\" data-element_type=\"widget\" data-widget_type=\"heading.default\">\n\t\t\t\t<div class=\"elementor-widget-container\">\n\t\t\t\t\t<h2 class=\"elementor-heading-title elementor-size-default\">4. Valorisation de Votre Patrimoine<\/h2>\t\t\t\t<\/div>\n\t\t\t\t<\/div>\n\t\t\t\t<div class=\"elementor-element elementor-element-310ce52 elementor-widget elementor-widget-text-editor\" data-id=\"310ce52\" data-element_type=\"widget\" data-widget_type=\"text-editor.default\">\n\t\t\t\t<div class=\"elementor-widget-container\">\n\t\t\t\t\t\t\t\t\t<p>Un logement bien isol\u00e9 augmente sa valeur immobili\u00e8re. Les acheteurs sont de plus en plus attentifs \u00e0 la performance \u00e9nerg\u00e9tique, faisant de l\u2019isolation un atout majeur lors d\u2019une vente.<\/p>\t\t\t\t\t\t\t\t<\/div>\n\t\t\t\t<\/div>\n\t\t\t\t<div class=\"elementor-element elementor-element-9067f3b elementor-widget elementor-widget-heading\" data-id=\"9067f3b\" data-element_type=\"widget\" data-widget_type=\"heading.default\">\n\t\t\t\t<div class=\"elementor-widget-container\">\n\t\t\t\t\t<h2 class=\"elementor-heading-title elementor-size-default\">5. Des Aides Financi\u00e8res Disponibles<\/h2>\t\t\t\t<\/div>\n\t\t\t\t<\/div>\n\t\t\t\t<div class=\"elementor-element elementor-element-3c86339 elementor-widget elementor-widget-text-editor\" data-id=\"3c86339\" data-element_type=\"widget\" data-widget_type=\"text-editor.default\">\n\t\t\t\t<div class=\"elementor-widget-container\">\n\t\t\t\t\t\t\t\t\t<p>Pour encourager les travaux d\u2019isolation, l\u2019\u00c9tat propose des subventions (MaPrimeR\u00e9nov\u2019, CEE, TVA r\u00e9duite\u2026). Profitez-en pour r\u00e9aliser des \u00e9conomies tout en optimisant votre habitat.<\/p>\t\t\t\t\t\t\t\t<\/div>\n\t\t\t\t<\/div>\n\t\t\t\t<div class=\"elementor-element elementor-element-6b74cf0 elementor-widget elementor-widget-heading\" data-id=\"6b74cf0\" data-element_type=\"widget\" data-widget_type=\"heading.default\">\n\t\t\t\t<div class=\"elementor-widget-container\">\n\t\t\t\t\t<h2 class=\"elementor-heading-title elementor-size-default\">Bonus : Isolation Acoustique<\/h2>\t\t\t\t<\/div>\n\t\t\t\t<\/div>\n\t\t\t\t<div class=\"elementor-element elementor-element-ad16fd6 elementor-widget elementor-widget-text-editor\" data-id=\"ad16fd6\" data-element_type=\"widget\" data-widget_type=\"text-editor.default\">\n\t\t\t\t<div class=\"elementor-widget-container\">\n\t\t\t\t\t\t\t\t\t<p>En plus des b\u00e9n\u00e9fices thermiques, certains mat\u00e9riaux (laine de roche, ouate de cellulose\u2026) am\u00e9liorent l\u2019isolation phonique, pour un cadre de vie plus paisible.<\/p>\t\t\t\t\t\t\t\t<\/div>\n\t\t\t\t<\/div>\n\t\t\t\t<div class=\"elementor-element elementor-element-833012e elementor-align-left elementor-widget elementor-widget-button\" data-id=\"833012e\" data-element_type=\"widget\" data-widget_type=\"button.default\">\n\t\t\t\t<div class=\"elementor-widget-container\">\n\t\t\t\t\t\t\t\t\t<div class=\"elementor-button-wrapper\">\n\t\t\t\t\t<a class=\"elementor-button elementor-button-link elementor-size-sm elementor-animation-grow\" href=\"https:\/\/peinture-moderne.fr\/index.php\/contact\/\">\n\t\t\t\t\t\t<span class=\"elementor-button-content-wrapper\">\n\t\t\t\t\t\t\t\t\t<span class=\"elementor-button-text\">DEVIS GRATUIT<\/span>\n\t\t\t\t\t<\/span>\n\t\t\t\t\t<\/a>\n\t\t\t\t<\/div>\n\t\t\t\t\t\t\t\t<\/div>\n\t\t\t\t<\/div>\n\t\t\t\t<\/div>\n\t\t\t\t\t<\/div>\n\t\t\t\t<\/div>\n\t\t<div class=\"elementor-element elementor-element-33ba3e6 e-con-full e-flex wpr-particle-no wpr-jarallax-no wpr-parallax-no wpr-sticky-section-no e-con e-parent\" data-id=\"33ba3e6\" data-element_type=\"container\">\n\t\t\t\t<div class=\"elementor-element elementor-element-93e09b5 elementor-arrows-position-inside elementor-pagination-position-outside elementor-widget elementor-widget-image-carousel\" data-id=\"93e09b5\" data-element_type=\"widget\" data-settings=\"{&quot;navigation&quot;:&quot;both&quot;,&quot;autoplay&quot;:&quot;yes&quot;,&quot;pause_on_hover&quot;:&quot;yes&quot;,&quot;pause_on_interaction&quot;:&quot;yes&quot;,&quot;autoplay_speed&quot;:5000,&quot;infinite&quot;:&quot;yes&quot;,&quot;speed&quot;:500}\" data-widget_type=\"image-carousel.default\">\n\t\t\t\t<div class=\"elementor-widget-container\">\n\t\t\t\t\t\t\t<div class=\"elementor-image-carousel-wrapper swiper\" role=\"region\" aria-roledescription=\"carousel\" aria-label=\"Carrousel d\u2019images\" dir=\"ltr\">\n\t\t\t<div class=\"elementor-image-carousel swiper-wrapper\" aria-live=\"off\">\n\t\t\t\t\t\t\t\t<div class=\"swiper-slide\" role=\"group\" aria-roledescription=\"slide\" aria-label=\"1 sur 3\"><figure class=\"swiper-slide-inner\"><img decoding=\"async\" class=\"swiper-slide-image\" src=\"https:\/\/peinture-moderne.fr\/wp-content\/uploads\/2025\/04\/489526140_982108330570860_1463454117460858719_n-600x600.jpg\" alt=\"489526140_982108330570860_1463454117460858719_n\" \/><\/figure><\/div><div class=\"swiper-slide\" role=\"group\" aria-roledescription=\"slide\" aria-label=\"2 sur 3\"><figure class=\"swiper-slide-inner\"><img decoding=\"async\" class=\"swiper-slide-image\" src=\"https:\/\/peinture-moderne.fr\/wp-content\/uploads\/2025\/04\/476378425_939144394867254_3220865506795898916_n-600x600.jpg\" alt=\"DCIM100MEDIADJI_0224.JPG\" \/><\/figure><\/div><div class=\"swiper-slide\" role=\"group\" aria-roledescription=\"slide\" aria-label=\"3 sur 3\"><figure class=\"swiper-slide-inner\"><img decoding=\"async\" class=\"swiper-slide-image\" src=\"https:\/\/peinture-moderne.fr\/wp-content\/uploads\/2025\/04\/481817607_958367722944921_1251424483264678921_n-600x600.jpg\" alt=\"DCIM100MEDIADJI_0236.JPG\" \/><\/figure><\/div>\t\t\t<\/div>\n\t\t\t\t\t\t\t\t\t\t\t\t<div class=\"elementor-swiper-button elementor-swiper-button-prev\" role=\"button\" tabindex=\"0\">\n\t\t\t\t\t\t<svg aria-hidden=\"true\" class=\"e-font-icon-svg e-eicon-chevron-left\" viewBox=\"0 0 1000 1000\" xmlns=\"http:\/\/www.w3.org\/2000\/svg\"><path d=\"M646 125C629 125 613 133 604 142L308 442C296 454 292 471 292 487 292 504 296 521 308 533L604 854C617 867 629 875 646 875 663 875 679 871 692 858 704 846 713 829 713 812 713 796 708 779 692 767L438 487 692 225C700 217 708 204 708 187 708 171 704 154 692 142 675 129 663 125 646 125Z\"><\/path><\/svg>\t\t\t\t\t<\/div>\n\t\t\t\t\t<div class=\"elementor-swiper-button elementor-swiper-button-next\" role=\"button\" tabindex=\"0\">\n\t\t\t\t\t\t<svg aria-hidden=\"true\" class=\"e-font-icon-svg e-eicon-chevron-right\" viewBox=\"0 0 1000 1000\" xmlns=\"http:\/\/www.w3.org\/2000\/svg\"><path d=\"M696 533C708 521 713 504 713 487 713 471 708 454 696 446L400 146C388 133 375 125 354 125 338 125 325 129 313 142 300 154 292 171 292 187 292 204 296 221 308 233L563 492 304 771C292 783 288 800 288 817 288 833 296 850 308 863 321 871 338 875 354 875 371 875 388 867 400 854L696 533Z\"><\/path><\/svg>\t\t\t\t\t<\/div>\n\t\t\t\t\n\t\t\t\t\t\t\t\t\t<div class=\"swiper-pagination\"><\/div>\n\t\t\t\t\t\t\t\t\t<\/div>\n\t\t\t\t\t\t<\/div>\n\t\t\t\t<\/div>\n\t\t\t\t<\/div>\n\t\t\t\t<\/div>\n\t\t","protected":false},"excerpt":{"rendered":"<p>Isolation Thermique Confort et \u00c9conomies d&rsquo;\u00c9nergie L\u2019isolation thermique est un investissement essentiel pour am\u00e9liorer le confort de votre logement, r\u00e9duire vos factures d\u2019\u00e9nergie et contribuer \u00e0 la protection de l\u2019environnement. Que vous soyez en r\u00e9novation ou en construction, une bonne isolation offre des b\u00e9n\u00e9fices durables. D\u00e9couvrez pourquoi l\u2019isolation thermique est un choix judicieux pour votre maison. 1. R\u00e9duction des D\u00e9penses \u00c9nerg\u00e9tiques Une isolation performante limite les d\u00e9perditions de chaleur en hiver et garde votre int\u00e9rieur frais en \u00e9t\u00e9. Cela permet de diminuer jusqu\u2019\u00e0 30% votre consommation d\u2019\u00e9nergie, r\u00e9duisant significativement vos factures de chauffage et de climatisation. 2. Un Confort Optimal Toute l\u2019Ann\u00e9e Finis les courants d\u2019air et les parois froides ! Une maison bien isol\u00e9e maintient une temp\u00e9rature homog\u00e8ne dans toutes les pi\u00e8ces, am\u00e9liorant votre qualit\u00e9 de vie au quotidien. 3. Une Solution \u00c9cologique En r\u00e9duisant vos besoins en \u00e9nergie, vous diminuez votre empreinte carbone. L\u2019isolation thermique est un geste responsable pour lutter contre le r\u00e9chauffement climatique tout en r\u00e9alisant des \u00e9conomies. 4. Valorisation de Votre Patrimoine Un logement bien isol\u00e9 augmente sa valeur immobili\u00e8re. Les acheteurs sont de plus en plus attentifs \u00e0 la performance \u00e9nerg\u00e9tique, faisant de l\u2019isolation un atout majeur lors d\u2019une vente. 5. Des Aides Financi\u00e8res Disponibles Pour encourager les travaux d\u2019isolation, l\u2019\u00c9tat propose des subventions (MaPrimeR\u00e9nov\u2019, CEE, TVA r\u00e9duite\u2026). Profitez-en pour r\u00e9aliser des \u00e9conomies tout en optimisant votre habitat. Bonus : Isolation Acoustique En plus des b\u00e9n\u00e9fices thermiques, certains mat\u00e9riaux (laine de roche, ouate de cellulose\u2026) am\u00e9liorent l\u2019isolation phonique, pour un cadre de vie plus paisible. DEVIS GRATUIT<\/p>\n","protected":false},"author":1,"featured_media":0,"parent":0,"menu_order":0,"comment_status":"closed","ping_status":"closed","template":"elementor_header_footer","meta":{"footnotes":""},"class_list":["post-372","page","type-page","status-publish","hentry","entry"],"_links":{"self":[{"href":"https:\/\/peinture-moderne.fr\/index.php\/wp-json\/wp\/v2\/pages\/372","targetHints":{"allow":["GET"]}}],"collection":[{"href":"https:\/\/peinture-moderne.fr\/index.php\/wp-json\/wp\/v2\/pages"}],"about":[{"href":"https:\/\/peinture-moderne.fr\/index.php\/wp-json\/wp\/v2\/types\/page"}],"author":[{"embeddable":true,"href":"https:\/\/peinture-moderne.fr\/index.php\/wp-json\/wp\/v2\/users\/1"}],"replies":[{"embeddable":true,"href":"https:\/\/peinture-moderne.fr\/index.php\/wp-json\/wp\/v2\/comments?post=372"}],"version-history":[{"count":34,"href":"https:\/\/peinture-moderne.fr\/index.php\/wp-json\/wp\/v2\/pages\/372\/revisions"}],"predecessor-version":[{"id":663,"href":"https:\/\/peinture-moderne.fr\/index.php\/wp-json\/wp\/v2\/pages\/372\/revisions\/663"}],"wp:attachment":[{"href":"https:\/\/peinture-moderne.fr\/index.php\/wp-json\/wp\/v2\/media?parent=372"}],"curies":[{"name":"wp","href":"https:\/\/api.w.org\/{rel}","templated":true}]}}